{"id":549,"date":"2026-01-21T20:20:03","date_gmt":"2026-01-21T20:20:03","guid":{"rendered":"https:\/\/jetzes.nl\/?page_id=549"},"modified":"2026-03-17T18:04:47","modified_gmt":"2026-03-17T18:04:47","slug":"publicaties","status":"publish","type":"page","link":"https:\/\/jetzes.nl\/publicaties\/","title":{"rendered":"Publicaties"},"content":{"rendered":"<p>[et_pb_section fb_built=&#8221;1&#8243; admin_label=&#8221;Header&#8221; _builder_version=&#8221;4.27.5&#8243; _module_preset=&#8221;default&#8221; background_color=&#8221;#F6F5EE&#8221; custom_padding=&#8221;26px||3px|||&#8221; collapsed=&#8221;on&#8221; global_colors_info=&#8221;{}&#8221;][et_pb_row column_structure=&#8221;3_5,2_5&#8243; _builder_version=&#8221;4.17.3&#8243; _module_preset=&#8221;default&#8221; global_colors_info=&#8221;{}&#8221; locked=&#8221;off&#8221;][et_pb_column type=&#8221;3_5&#8243; _builder_version=&#8221;4.17.3&#8243; _module_preset=&#8221;default&#8221; global_colors_info=&#8221;{}&#8221;][et_pb_text _builder_version=&#8221;4.19.1&#8243; _module_preset=&#8221;e6504a1b-67eb-4b3d-b023-bcab277610b6&#8243; header_4_font=&#8221;Inter|700||on|||||&#8221; header_4_text_color=&#8221;#FF5A17&#8243; header_4_font_size=&#8221;14px&#8221; header_4_letter_spacing=&#8221;1px&#8221; header_4_line_height=&#8221;1.4em&#8221; custom_margin=&#8221;||0px||false|false&#8221; global_colors_info=&#8221;{}&#8221;]<\/p>\n<h4>Hennie Jetzes Fotografie<\/h4>\n<p>[\/et_pb_text][et_pb_text _builder_version=&#8221;4.17.3&#8243; _module_preset=&#8221;c16985e1-e0d6-4022-964d-e2bfc04fa633&#8243; header_font=&#8221;Inter|700|||||||&#8221; header_text_color=&#8221;#000000&#8243; header_font_size=&#8221;75px&#8221; header_line_height=&#8221;1.2em&#8221; hover_enabled=&#8221;0&#8243; header_font_size_tablet=&#8221;40px&#8221; header_font_size_phone=&#8221;24px&#8221; header_font_size_last_edited=&#8221;on|desktop&#8221; global_colors_info=&#8221;{}&#8221; sticky_enabled=&#8221;0&#8243;]<\/p>\n<h1><span style=\"color: #000000;\"><strong>Publicaties<\/strong><\/span><\/h1>\n<p>&nbsp;<\/p>\n<p>[\/et_pb_text][\/et_pb_column][et_pb_column type=&#8221;2_5&#8243; _builder_version=&#8221;4.17.3&#8243; _module_preset=&#8221;default&#8221; global_colors_info=&#8221;{}&#8221;][\/et_pb_column][\/et_pb_row][\/et_pb_section][et_pb_section fb_built=&#8221;1&#8243; _builder_version=&#8221;4.27.5&#8243; _module_preset=&#8221;default&#8221; custom_margin=&#8221;1px||-57px|||&#8221; global_colors_info=&#8221;{}&#8221;][et_pb_row column_structure=&#8221;1_2,1_2&#8243; _builder_version=&#8221;4.27.5&#8243; _module_preset=&#8221;default&#8221; global_colors_info=&#8221;{}&#8221;][et_pb_column type=&#8221;1_2&#8243; _builder_version=&#8221;4.27.5&#8243; _module_preset=&#8221;default&#8221; global_colors_info=&#8221;{}&#8221;][et_pb_image src=&#8221;https:\/\/jetzes.nl\/wp-content\/uploads\/2026\/01\/cover_naam.jpg&#8221; title_text=&#8221;cover_naam&#8221; _builder_version=&#8221;4.27.5&#8243; _module_preset=&#8221;default&#8221; global_colors_info=&#8221;{}&#8221;][\/et_pb_image][\/et_pb_column][et_pb_column type=&#8221;1_2&#8243; _builder_version=&#8221;4.27.5&#8243; _module_preset=&#8221;default&#8221; global_colors_info=&#8221;{}&#8221;][et_pb_text _builder_version=&#8221;4.27.5&#8243; _module_preset=&#8221;default&#8221; global_colors_info=&#8221;{}&#8221;]<\/p>\n<h2 class=\"style1\">Hennie Jetzes <em>fotografie<\/em><span class=\"style1\"><\/span><\/h2>\n<h2><span class=\"style1\"><\/span><\/h2>\n<h2><span class=\"style1\">Mijn naam is niet belangrijk<\/span><\/h2>\n<p>&nbsp;<\/p>\n<p>Fotoboek met gedichten van August Stramm vertaald door Erik de Smedt, een literaire bijdrage van Peter Lenssen over Peter Kollwitz, een originele foto (15 x 21 cm) en vertaalde brieven van soldaten vanuit de loopgraven.<\/p>\n<p>Soms verschijnen er van die zeldzame juweeltjes. Zoals<em> &#8216;Mijn naam is niet belangrijk&#8217;<\/em> van fotograaf en uitgever Hennie Jetzes (Azulpress). Een document humain, zoals we dat noemen, een literair en fotografisch monumentje voor de Grote Oorlog, samengesteld uit frontbrieven van Duitse studenten, gedichten, romanfragmenten \u00e9n foto\u2019s door Hennie Jetzes gemaakt.<br \/><em>&#8211; Peter Lenssen in De Limburger<br \/><\/em><br \/>Hennie Jetzes is naast uitgever (Azul Press) een begenadigd fotograaf. In de Westhoek fotografeerde hij, nu eens verstild en ingetogen, dan weer huiveringwekkend, wat gebleven is uit de Groote Oorlog. Er ontstond een indrukwekkend foto- en tekstboek.<br \/><em>&#8211; Erik de Smedt (vertaler, Belgi\u00eb)<\/em><em><\/em><\/p>\n<p><em><\/em><\/p>\n<h3><span style=\"color: #ff6600;\">Boekinformatie<\/span><\/h3>\n<h3><\/h3>\n<p>Formaat: 21,4&#215;30,4 cm<br \/>66 pagina&#8217;s<br \/>Incl. originele foto<br \/>Essay geschreven door Peter Lenssen<br \/>Kopie van een brief van een soldaat aan zijn ouders<br \/>Prijs: \u20ac 25,00<\/p>\n<p><a href=\"https:\/\/jetzes.nl\/?page_id=25\" target=\"_blank\" rel=\"noopener\"><img loading=\"lazy\" decoding=\"async\" src=\"https:\/\/www.literairheerlen.nl\/gfx\/bestellen.gif\" width=\"75\" height=\"15\" border=\"0\" \/><\/a><\/p>\n<p><a href=\"https:\/\/jetzes.nl\/?page_id=25\">\u00a0<\/a><\/p>\n<p>[\/et_pb_text][\/et_pb_column][\/et_pb_row][et_pb_row column_structure=&#8221;1_2,1_2&#8243; _builder_version=&#8221;4.27.5&#8243; _module_preset=&#8221;default&#8221; global_colors_info=&#8221;{}&#8221;][et_pb_column type=&#8221;1_2&#8243; _builder_version=&#8221;4.27.5&#8243; _module_preset=&#8221;default&#8221; global_colors_info=&#8221;{}&#8221;][et_pb_image src=&#8221;https:\/\/jetzes.nl\/wp-content\/uploads\/2026\/01\/cover_vormen-1.jpg&#8221; title_text=&#8221;cover_vormen&#8221; _builder_version=&#8221;4.27.5&#8243; _module_preset=&#8221;default&#8221; global_colors_info=&#8221;{}&#8221;][\/et_pb_image][\/et_pb_column][et_pb_column type=&#8221;1_2&#8243; _builder_version=&#8221;4.27.5&#8243; _module_preset=&#8221;default&#8221; global_colors_info=&#8221;{}&#8221;][et_pb_text _builder_version=&#8221;4.27.5&#8243; _module_preset=&#8221;default&#8221; global_colors_info=&#8221;{}&#8221;]<\/p>\n<h2 class=\"style1\">Hennie Jetzes <em>fotografie<\/em><\/h2>\n<h2 class=\"style1\"><span style=\"font-size: 26px;\">De vormen van de wind<\/span><span class=\"style1\"><\/span><\/h2>\n<p><span style=\"font-size: 26px;\"><\/span><\/p>\n<p><em>&#8216;De vormen van de wind&#8217;<\/em> bevat foto&#8217;s van mij bij gedichten van Pura L\u00f3pez Colom\u00e9\u00a0 (Mexico), Jan Owen (Australi\u00eb), Franco Loi (Itali\u00eb), Amir Or (Isra\u00ebl), Jaroslaw Mikolajewski ((Polen) en Igor Isakovski Macedoni\u00eb).<span><\/span><em><\/em><\/p>\n<p><em><\/em><\/p>\n<h3><span style=\"color: #ff6600;\">Boekinformatie<\/span><\/h3>\n<h3><\/h3>\n<p>Formaat: 20,5&#215;29,6 cm<br \/>22 pagina&#8217;s<br \/>Prijs: \u20ac 15,00<\/p>\n<p><span><\/span><\/p>\n<p><span><\/span><\/p>\n<p><a href=\"https:\/\/jetzes.nl\/?page_id=25\" target=\"_blank\" rel=\"noopener\"><img loading=\"lazy\" decoding=\"async\" src=\"https:\/\/www.literairheerlen.nl\/gfx\/bestellen.gif\" width=\"75\" height=\"15\" border=\"0\" \/><\/a><\/p>\n<p><span style=\"font-size: 26px;\"><\/span><\/p>\n<p>[\/et_pb_text][\/et_pb_column][\/et_pb_row][et_pb_row column_structure=&#8221;1_2,1_2&#8243; _builder_version=&#8221;4.27.5&#8243; _module_preset=&#8221;default&#8221; global_colors_info=&#8221;{}&#8221;][et_pb_column type=&#8221;1_2&#8243; _builder_version=&#8221;4.27.5&#8243; _module_preset=&#8221;default&#8221; global_colors_info=&#8221;{}&#8221;][et_pb_image src=&#8221;https:\/\/jetzes.nl\/wp-content\/uploads\/2022\/12\/buddingh_spreekt.jpg&#8221; title_text=&#8221;buddingh_spreekt&#8221; _builder_version=&#8221;4.27.5&#8243; _module_preset=&#8221;default&#8221; global_colors_info=&#8221;{}&#8221;][\/et_pb_image][\/et_pb_column][et_pb_column type=&#8221;1_2&#8243; _builder_version=&#8221;4.27.5&#8243; _module_preset=&#8221;default&#8221; global_colors_info=&#8221;{}&#8221;][et_pb_text _builder_version=&#8221;4.27.5&#8243; _module_preset=&#8221;default&#8221; inline_fonts=&#8221;Abhaya Libre&#8221; global_colors_info=&#8221;{}&#8221;]<\/p>\n<h2><span style=\"color: #000000;\">Hennie Jetzes <em>fotografie<\/em><\/span><\/h2>\n<h2><span style=\"color: #000000;\"><\/span><\/h2>\n<h2><span style=\"color: #000000;\">C. Buddingh&#8217; spreekt zijn <\/span><\/h2>\n<h2><span style=\"color: #000000;\">literaire leven en <\/span><span style=\"color: #000000;\">gedichten<\/span><\/h2>\n<p><span style=\"color: #000000;\"><\/span><\/p>\n<p>&nbsp;<\/p>\n<p>In 1980 organiseerde ik in Heerlen een literaire avond met de dichter C. Buddingh&#8217; (1918-1985)<br \/>Vooraf bezocht ik hem thuis in Dordrecht om alvast kennis te maken.<br \/>Ik maakte van de gelegenheid gebruik om een een aantal portretfoto&#8217;s in kleur en zwart-wit te maken.<br \/>Ik fotografeerde hem o.a. in zijn werk- en huiskamer.<br \/>Met name de kleurenfoto&#8217;s zijn bijzonder omdat er maar weinig kleurenfoto&#8217;s van hem gemaakt zijn.<\/p>\n<p>De beste foto&#8217;s zijn nu gebunde<span style=\"font-family: inherit; font-weight: normal;\">ld in een fotoboek.<\/span><\/p>\n<p><span style=\"font-family: inherit; font-weight: normal;\">Toegevoegd zijn twee cd&#8217;s waar<\/span>op de door mij georganiseerde lezing van C. Buddingh,&#8217; gehouden in &#8216;De Nor&#8217; te Heerlen op 25 april 1980, compleet is terug te beluisteren.<em><\/em><\/p>\n<h3><span style=\"color: #ff6600;\">Boekinformatie<\/span><\/h3>\n<h3><\/h3>\n<p><span style=\"font-size: 14px; color: #666666;\">ISBN: 978 94 90687 91 5<br \/><\/span>Formaat: 15&#215;21 cm<br \/>Inclusief twee cd&#8217;s\u00a0<br \/>88 pagina&#8217;s<br \/>Prijs: \u20ac 24,95<\/p>\n<p><a href=\"https:\/\/jetzes.nl\/?page_id=25\" target=\"_blank\" rel=\"noopener\"><img loading=\"lazy\" decoding=\"async\" src=\"https:\/\/www.literairheerlen.nl\/gfx\/bestellen.gif\" width=\"75\" height=\"15\" border=\"0\" \/><\/a><span style=\"font-size: 14px;\"><\/span><\/p>\n<p>&nbsp;<\/p>\n<p>[\/et_pb_text][\/et_pb_column][\/et_pb_row][\/et_pb_section][et_pb_section fb_built=&#8221;1&#8243; admin_label=&#8221;Gallery&#8221; _builder_version=&#8221;4.19.1&#8243; _module_preset=&#8221;default&#8221; background_color=&#8221;#f6f5ee&#8221; custom_margin=&#8221;-55px|||||&#8221; custom_padding=&#8221;||25px|||&#8221; locked=&#8221;off&#8221; collapsed=&#8221;on&#8221; global_colors_info=&#8221;{}&#8221;][\/et_pb_section]<\/p>\n","protected":false},"excerpt":{"rendered":"<p>Hennie Jetzes FotografiePublicaties &nbsp;Hennie Jetzes fotografie Mijn naam is niet belangrijk &nbsp; Fotoboek met gedichten van August Stramm vertaald door Erik de Smedt, een literaire bijdrage van Peter Lenssen over Peter Kollwitz, een originele foto (15 x 21 cm) en vertaalde brieven van soldaten vanuit de loopgraven. Soms verschijnen er van die zeldzame juweeltjes. Zoals [&hellip;]<\/p>\n","protected":false},"author":1,"featured_media":0,"parent":0,"menu_order":0,"comment_status":"closed","ping_status":"closed","template":"","meta":{"_et_pb_use_builder":"on","_et_pb_old_content":"","_et_gb_content_width":"","footnotes":""},"class_list":["post-549","page","type-page","status-publish","hentry"],"_links":{"self":[{"href":"https:\/\/jetzes.nl\/wp-json\/wp\/v2\/pages\/549","targetHints":{"allow":["GET"]}}],"collection":[{"href":"https:\/\/jetzes.nl\/wp-json\/wp\/v2\/pages"}],"about":[{"href":"https:\/\/jetzes.nl\/wp-json\/wp\/v2\/types\/page"}],"author":[{"embeddable":true,"href":"https:\/\/jetzes.nl\/wp-json\/wp\/v2\/users\/1"}],"replies":[{"embeddable":true,"href":"https:\/\/jetzes.nl\/wp-json\/wp\/v2\/comments?post=549"}],"version-history":[{"count":10,"href":"https:\/\/jetzes.nl\/wp-json\/wp\/v2\/pages\/549\/revisions"}],"predecessor-version":[{"id":709,"href":"https:\/\/jetzes.nl\/wp-json\/wp\/v2\/pages\/549\/revisions\/709"}],"wp:attachment":[{"href":"https:\/\/jetzes.nl\/wp-json\/wp\/v2\/media?parent=549"}],"curies":[{"name":"wp","href":"https:\/\/api.w.org\/{rel}","templated":true}]}}